{"id":5087,"date":"2021-07-15T11:31:25","date_gmt":"2021-07-15T09:31:25","guid":{"rendered":"https:\/\/boattoursibiza.com\/avis-legal\/"},"modified":"2024-12-04T10:27:55","modified_gmt":"2024-12-04T09:27:55","slug":"avis-legal","status":"publish","type":"page","link":"https:\/\/boattoursibiza.com\/ca\/avis-legal\/","title":{"rendered":"Av\u00eds legal"},"content":{"rendered":"\n<p>Benvingut a la p\u00e0gina web www.salvadoribiza.com, d&#8217;ara endavant SALVADOR IBIZA. Confiem que la p\u00e0gina web sigui del vostre inter\u00e8s i que gaudiu de la vostra visita. En aquest sentit, i amb l&#8217;objectiu de proporcionar la m\u00e0xima seguretat a la nostra p\u00e0gina i als visitants, hem d&#8217;establir les seg\u00fcents condicions d&#8217;\u00fas:   <\/p>\n\n<p>1.- La p\u00e0gina web www.salvadoribiza.com \u00e9s titularitat d&#8217;Ibicruiser, S.L., amb NIF: B57527392 \u2013 Registre mercantil: Full IB-9135 Tom 215 Foli: 59 &#8211; Eivissa, Illes Balears. <\/p>\n\n<p>2.- SALVADOR IBIZA ofereix a la seva p\u00e0gina web informaci\u00f3 relacionada amb els seus serveis desenvolupats a les Illes Balears, que ha de ser considerada com a introducci\u00f3. La finalitat principal de la p\u00e0gina web \u00e9s publicit\u00e0ria i informativa. Aix\u00ed mateix, s\u2019ofereix la possibilitat de contactar o sol\u00b7licitar informaci\u00f3 m\u00e9s detallada dels serveis de SALVADOR IBIZA. <\/p>\n\n<p>3.- L\u2019enviament de dades a trav\u00e9s dels formularis d\u2019informaci\u00f3 suposa una mera consulta no vinculant per a SALVADOR IBIZA. <br\/>Tota la informaci\u00f3 que faciliti l\u2019Usuari a trav\u00e9s dels formularis d\u2019informaci\u00f3 haur\u00e0 de ser vera\u00e7. A aquests efectes, el visitant de la web garanteix l\u2019autenticitat de totes les dades que comuniqui com a conseq\u00fc\u00e8ncia de l\u2019emplenament dels formularis necessaris per a la sol\u00b7licitud d\u2019informaci\u00f3. En qualsevol cas, el visitant de la web ser\u00e0 l\u2019\u00fanic responsable de les manifestacions falses o inexactes que realitzi i dels perjudicis que causi a SALVADOR IBIZA o a tercers per la informaci\u00f3 que faciliti.  <\/p>\n\n<p>4.- SALVADOR IBIZA es reserva el dret de canviar, modificar, afegir i\/o eliminar en qualsevol moment i sense av\u00eds previ part d\u2019aquestes condicions i de fer canvis en el contingut de la p\u00e0gina. Us recomanem revisar peri\u00f2dicament els possibles canvis. Les modificacions esmentades que eventualment es puguin fer no donaran dret al visitant a cap indemnitzaci\u00f3.  <\/p>\n\n<p>5.- SALVADOR IBIZA no es responsabilitza de les possibles discrep\u00e0ncies que puguin sorgir entre la versi\u00f3 dels seus documents impresos i la versi\u00f3 electr\u00f2nica dels mateixos publicats a la seva p\u00e0gina web. Els textos i fotografies publicats a la p\u00e0gina web podrien incloure errors tipogr\u00e0fics. La informaci\u00f3 est\u00e0 subjecta a canvis peri\u00f2dics.  <\/p>\n\n<p>6.- Els textos (informacions, conceptes, publicitat i altres an\u00e0legs), marques registrades, secrets de marca, tecnologies, productes, processos i elements gr\u00e0fics (disseny, fotos, logotips, marques, codi font i altres an\u00e0legs) que constitueixen la p\u00e0gina web i\/o difosos a trav\u00e9s d\u2019aquesta, aix\u00ed com la seva presentaci\u00f3 o muntatge, estan subjectes a drets de propietat industrial i intel\u00b7lectual. Tot el contingut de la p\u00e0gina web (text, logotips, marques, fotos, etc.) \u00e9s propietat de SALVADOR IBIZA. A la p\u00e0gina web tamb\u00e9 s\u2019han incl\u00f2s textos, fotografies i refer\u00e8ncies bibliogr\u00e0fiques d\u2019autoria de terceres persones. Aquests continguts estan subjectes als mateixos drets de propietat industrial i intel\u00b7lectual.   <\/p>\n\n<p>7.- SALVADOR IBIZA t\u00e9 en propietat el Copyright d\u2019aquesta p\u00e0gina web. L\u2019acc\u00e9s a aquesta no implica, sota cap concepte, cap llic\u00e8ncia per a la seva reproducci\u00f3, distribuci\u00f3, comercialitzaci\u00f3 i\/o transformaci\u00f3, que, en tot cas, estar\u00e0 prohibida excepte amb el consentiment previ i expr\u00e9s de SALVADOR IBIZA. <\/p>\n\n<p>8.- SALVADOR IBIZA realitza els seus millors esfor\u00e7os per mantenir la continu\u00eftat de la informaci\u00f3 i els serveis oferts a trav\u00e9s de la seva p\u00e0gina web SALVADOR IBIZA. La nostra vocaci\u00f3 \u00e9s oferir un servei de la m\u00e0xima qualitat als visitants de la nostra p\u00e0gina web. No obstant aix\u00f2, SALVADOR IBIZA no pot garantir la continu\u00eftat i disponibilitat dels serveis de la p\u00e0gina web en el futur. <br\/>SALVADOR IBIZA queda exclosa de qualsevol responsabilitat per danys i perjudicis de tota mena que puguin ser deguts al mal funcionament o manca de disponibilitat de la p\u00e0gina web SALVADOR IBIZA i els seus sistemes de comunicaci\u00f3 relacionats, a causa de causes de for\u00e7a major o interrupcions o interfer\u00e8ncies en les xarxes de transmissi\u00f3 d\u2019informaci\u00f3.  <\/p>\n\n<p>9.- L&#8217;Usuari es compromet a utilitzar SALVADOR IBIZA de manera conforme a la llei, al que es disposa en aquestes Condicions Generals, a la moral i a les bones costums generalment acceptades i a l&#8217;ordre p\u00fablic, i es compromet a abstenir-se d&#8217;utilitzar SALVADOR IBIZA amb finalitats o efectes il\u00b7l\u00edcits, contraris al que s&#8217;estableix en les presents Condicions Generals, lesius dels drets i interessos de tercers, o que de qualsevol manera puguin danyar, inutilitzar, sobrecarregar o deteriorar SALVADOR IBIZA o impedir la utilitzaci\u00f3 o gaudi normal de la web per part dels Usuaris. <br\/>SALVADOR IBIZA no es responsabilitza dels danys o perjudicis derivats de l&#8217;acc\u00e9s, \u00fas o mala utilitzaci\u00f3 dels continguts de la p\u00e0gina web.<\/p>\n\n<p>10.- SALVADOR IBIZA ha incl\u00f2s a la seva p\u00e0gina web refer\u00e8ncies a empreses i comer\u00e7os (hotels, restaurants, etc.) i enlla\u00e7os (links). La pres\u00e8ncia d\u2019aquestes dades a la p\u00e0gina web de SALVADOR IBIZA t\u00e9 una finalitat purament informativa i en cap cas suposa suggeriment, invitaci\u00f3 o recomanaci\u00f3 sobre aquestes.  <br\/>SALVADOR IBIZA no exerceix cap control, ni assumeix cap responsabilitat per la informaci\u00f3 continguda en les p\u00e0gines web de tercers a les quals es pugui accedir mitjan\u00e7ant enlla\u00e7os (links). La pres\u00e8ncia d\u2019aquests enlla\u00e7os a la p\u00e0gina web de SALVADOR IBIZA t\u00e9 una finalitat purament informativa i en cap cas suposa suggeriment, invitaci\u00f3 o recomanaci\u00f3 sobre aquestes. L\u2019establiment d\u2019un link no implica en cap cas l\u2019exist\u00e8ncia de relacions entre SALVADOR IBIZA i el propietari de la p\u00e0gina web en qu\u00e8 s\u2019estableixi, ni l\u2019acceptaci\u00f3 i aprovaci\u00f3 per part de SALVADOR IBIZA dels seus continguts o serveis oferts i posats a disposici\u00f3 del p\u00fablic.  <\/p>\n\n<p>11.- L&#8217;Usuari es compromet a abstenir-se de: <br\/>\u2013 Recollir dades amb finalitat publicit\u00e0ria i enviar publicitat de qualsevol tipus i comunicacions amb finalitats de venda o altres de naturalesa comercial sense la seva pr\u00e8via sol\u00b7licitud o consentiment. <br\/>\u2013 Enviar qualsevol altre missatge no sol\u00b7licitat ni consentit pr\u00e8viament a una pluralitat de persones.<br\/>\u2013 Enviar cadenes de missatges electr\u00f2nics no sol\u00b7licitats ni pr\u00e8viament consentits.<br\/>\u2013 Utilitzar llistes de distribuci\u00f3 a les quals es pugui accedir a trav\u00e9s de SALVADOR IBIZA per dur a terme les activitats assenyalades en els apartats anteriors.<br\/>\u2013 Posar a disposici\u00f3 de tercers, amb qualsevol finalitat, dades recollides a partir de SALVADOR IBIZA.<\/p>\n\n<p>12.- SALVADOR IBIZA informa que, per tal de poder realitzar links des d\u2019altres p\u00e0gines a la nostra, l\u2019Empresa o Persona interessada haur\u00e0 de sol\u00b7licitar-ho a SALVADOR IBIZA per escrit o a trav\u00e9s de correu electr\u00f2nic. Aquest tipus d\u2019enlla\u00e7 s\u2019haur\u00e0 de fer mitjan\u00e7ant un link dins de l\u2019apartat Enlla\u00e7os d\u2019Inter\u00e8s de la p\u00e0gina externa i mai es permetr\u00e0 que, en accedir a una p\u00e0gina a Internet, aquesta connecti autom\u00e0ticament amb la nostra, ja que aix\u00f2 seria una violaci\u00f3 del dret de propietat comercial, procedint judicialment contra l\u2019entitat que realitzi aquesta connexi\u00f3.<br\/>En utilitzar el nom de domini, s\u2019intenta atreure intencionadament, per benefici comercial, usuaris d\u2019Internet al seu lloc web o a qualsevol altra ubicaci\u00f3 online, afavorint una possibilitat de confusi\u00f3 amb la marca del demandant pel que fa a l\u2019origen, el patrocini, la filiaci\u00f3 o la promoci\u00f3 del seu lloc web, d\u2019un producte o d\u2019un servei en el seu lloc web. <\/p>\n\n<p>13.- SALVADOR IBIZA es reserva el dret d\u2019emprendre accions judicials, civils i\/o penals contra aquelles persones f\u00edsiques o jur\u00eddiques i els seus representants que incompleixin el que es disposa en les presents condicions.<\/p>\n\n<p>14.- SALVADOR IBIZA garanteix la confidencialitat de les vostres dades personals. Cap dada que ens proporcioneu ser\u00e0 compartida amb cap organitzaci\u00f3 o empresa aliena a SALVADOR IBIZA. En compliment de la Llei Org\u00e0nica de Protecci\u00f3 de Dades (LOPD), l\u2019usuari de SALVADOR IBIZA podr\u00e0, en tot moment, exercir els drets d\u2019acc\u00e9s, rectificaci\u00f3 i cancel\u00b7laci\u00f3 de les seves dades en els termes previstos en la referida Llei i altres normes que la desenvolupen, davant SALVADOR IBIZA a Ibicruiser, S.L., amb NIF: B57527392 \u2013 Registre mercantil: Full IB-9135 Tom 215 Foli: 59 &#8211; Eivissa, Illes Balears, Espanya. Tel\u00e8fon n\u00ba (34) 606 993 823. Correu electr\u00f2nic: info@salvadoribiza.com.<br\/>SALVADOR IBIZA no es responsabilitza de les dades facilitades a les empreses anunciants.      <\/p>\n\n<p>15.- La p\u00e0gina web de SALVADOR IBIZA es regeix conforme a la legislaci\u00f3 espanyola i es troba sota la jurisdicci\u00f3 dels Jutges i Tribunals d\u2019Espanya. Qualsevol controv\u00e8rsia, conflicte o reclamaci\u00f3 que pugui sorgir respecte al compliment de les condicions d\u2019\u00fas de la p\u00e0gina web SALVADOR IBIZA, i qualsevol conflicte relacionat amb els continguts i serveis de la p\u00e0gina web, ser\u00e0 resolt pels Jutges i Tribunals d\u2019Eivissa (Espanya) i s\u2019interpretar\u00e0 conforme a la legislaci\u00f3 espanyola, renunciant les parts al fur propi que els pogu\u00e9s correspondre. <\/p>\n\n<p>16.- L\u2019acc\u00e9s a SALVADOR IBIZA implica l\u2019acceptaci\u00f3 per part de l\u2019usuari dels termes i condicions continguts en aquesta p\u00e0gina web. <br\/>SALVADOR IBIZA es reserva el dret de modificar els termes, condicions i comunicacions sobre els quals s\u2019ofereix aquesta p\u00e0gina web.<\/p>\n","protected":false},"excerpt":{"rendered":"<p>Benvingut a la p\u00e0gina web www.salvadoribiza.com, d&#8217;ara endavant SALVADOR IBIZA. Confiem que la p\u00e0gina web sigui del vostre inter\u00e8s i que gaudiu de la vostra visita. En aquest sentit, i amb l&#8217;objectiu de proporcionar la m\u00e0xima seguretat a la nostra p\u00e0gina i als visitants, hem d&#8217;establir les seg\u00fcents condicions d&#8217;\u00fas: 1.- La p\u00e0gina web www.salvadoribiza.com [&hellip;]<\/p>\n","protected":false},"author":1,"featured_media":0,"parent":0,"menu_order":0,"comment_status":"closed","ping_status":"closed","template":"","meta":{"_acf_changed":false,"footnotes":""},"class_list":["post-5087","page","type-page","status-publish","hentry"],"acf":[],"rankMath":{"parentDomain":"boattoursibiza.com","noFollowDomains":[],"noFollowExcludeDomains":[],"noFollowExternalLinks":false,"featuredImageNotice":"The featured image should be at least 200 by 200 pixels to be picked up by Facebook and other social media sites.","pluginReviewed":false,"postSettings":{"linkSuggestions":true,"useFocusKeyword":false},"frontEndScore":false,"postName":"avis-legal","permalinkFormat":"https:\/\/boattoursibiza.com\/ca\/avis-legal\/","showLockModifiedDate":true,"assessor":{"focusKeywordLink":"https:\/\/boattoursibiza.com\/wp-admin\/edit.php?focus_keyword=%focus_keyword%&post_type=%post_type%","hasTOCPlugin":true,"primaryTaxonomy":false,"serpData":{"title":"","description":"","focusKeywords":"","pillarContent":false,"canonicalUrl":"","breadcrumbTitle":"","advancedRobots":[],"facebookTitle":"","facebookDescription":"","facebookImage":"","facebookImageID":"","facebookHasOverlay":false,"facebookImageOverlay":"","facebookAuthor":"","twitterCardType":"","twitterUseFacebook":true,"twitterTitle":"","twitterDescription":"","twitterImage":"","twitterImageID":"","twitterHasOverlay":false,"twitterImageOverlay":"","twitterPlayerUrl":"","twitterPlayerSize":"","twitterPlayerStream":"","twitterPlayerStreamCtype":"","twitterAppDescription":"","twitterAppIphoneName":"","twitterAppIphoneID":"","twitterAppIphoneUrl":"","twitterAppIpadName":"","twitterAppIpadID":"","twitterAppIpadUrl":"","twitterAppGoogleplayName":"","twitterAppGoogleplayID":"","twitterAppGoogleplayUrl":"","twitterAppCountry":"","robots":{"index":true},"twitterAuthor":"username","primaryTerm":0,"authorName":"admin_salvador","titleTemplate":"%title% %sep% %sitename%","descriptionTemplate":"%excerpt%","showScoreFrontend":true,"lockModifiedDate":false},"powerWords":[],"diacritics":{"A":"[\\u0041\\u24B6\\uFF21\\u00C0\\u00C1\\u00C2\\u1EA6\\u1EA4\\u1EAA\\u1EA8\\u00C3\\u0100\\u0102\\u1EB0\\u1EAE\\u1EB4\\u1EB2\\u0226\\u01E0\\u00C4\\u01DE\\u1EA2\\u00C5\\u01FA\\u01CD\\u0200\\u0202\\u1EA0\\u1EAC\\u1EB6\\u1E00\\u0104\\u023A\\u2C6F]","AA":"[\\uA732]","AE":"[\\u00C6\\u01FC\\u01E2]","AO":"[\\uA734]","AU":"[\\uA736]","AV":"[\\uA738\\uA73A]","AY":"[\\uA73C]","B":"[\\u0042\\u24B7\\uFF22\\u1E02\\u1E04\\u1E06\\u0243\\u0182\\u0181]","C":"[\\u0043\\u24B8\\uFF23\\u0106\\u0108\\u010A\\u010C\\u00C7\\u1E08\\u0187\\u023B\\uA73E]","D":"[\\u0044\\u24B9\\uFF24\\u1E0A\\u010E\\u1E0C\\u1E10\\u1E12\\u1E0E\\u0110\\u018B\\u018A\\u0189\\uA779]","DZ":"[\\u01F1\\u01C4]","Dz":"[\\u01F2\\u01C5]","E":"[\\u0045\\u24BA\\uFF25\\u00C8\\u00C9\\u00CA\\u1EC0\\u1EBE\\u1EC4\\u1EC2\\u1EBC\\u0112\\u1E14\\u1E16\\u0114\\u0116\\u00CB\\u1EBA\\u011A\\u0204\\u0206\\u1EB8\\u1EC6\\u0228\\u1E1C\\u0118\\u1E18\\u1E1A\\u0190\\u018E]","F":"[\\u0046\\u24BB\\uFF26\\u1E1E\\u0191\\uA77B]","G":"[\\u0047\\u24BC\\uFF27\\u01F4\\u011C\\u1E20\\u011E\\u0120\\u01E6\\u0122\\u01E4\\u0193\\uA7A0\\uA77D\\uA77E]","H":"[\\u0048\\u24BD\\uFF28\\u0124\\u1E22\\u1E26\\u021E\\u1E24\\u1E28\\u1E2A\\u0126\\u2C67\\u2C75\\uA78D]","I":"[\\u0049\\u24BE\\uFF29\\u00CC\\u00CD\\u00CE\\u0128\\u012A\\u012C\\u0130\\u00CF\\u1E2E\\u1EC8\\u01CF\\u0208\\u020A\\u1ECA\\u012E\\u1E2C\\u0197]","J":"[\\u004A\\u24BF\\uFF2A\\u0134\\u0248]","K":"[\\u004B\\u24C0\\uFF2B\\u1E30\\u01E8\\u1E32\\u0136\\u1E34\\u0198\\u2C69\\uA740\\uA742\\uA744\\uA7A2]","L":"[\\u004C\\u24C1\\uFF2C\\u013F\\u0139\\u013D\\u1E36\\u1E38\\u013B\\u1E3C\\u1E3A\\u0141\\u023D\\u2C62\\u2C60\\uA748\\uA746\\uA780]","LJ":"[\\u01C7]","Lj":"[\\u01C8]","M":"[\\u004D\\u24C2\\uFF2D\\u1E3E\\u1E40\\u1E42\\u2C6E\\u019C]","N":"[\\u004E\\u24C3\\uFF2E\\u01F8\\u0143\\u00D1\\u1E44\\u0147\\u1E46\\u0145\\u1E4A\\u1E48\\u0220\\u019D\\uA790\\uA7A4]","NJ":"[\\u01CA]","Nj":"[\\u01CB]","O":"[\\u004F\\u24C4\\uFF2F\\u00D2\\u00D3\\u00D4\\u1ED2\\u1ED0\\u1ED6\\u1ED4\\u00D5\\u1E4C\\u022C\\u1E4E\\u014C\\u1E50\\u1E52\\u014E\\u022E\\u0230\\u00D6\\u022A\\u1ECE\\u0150\\u01D1\\u020C\\u020E\\u01A0\\u1EDC\\u1EDA\\u1EE0\\u1EDE\\u1EE2\\u1ECC\\u1ED8\\u01EA\\u01EC\\u00D8\\u01FE\\u0186\\u019F\\uA74A\\uA74C]","OI":"[\\u01A2]","OO":"[\\uA74E]","OU":"[\\u0222]","P":"[\\u0050\\u24C5\\uFF30\\u1E54\\u1E56\\u01A4\\u2C63\\uA750\\uA752\\uA754]","Q":"[\\u0051\\u24C6\\uFF31\\uA756\\uA758\\u024A]","R":"[\\u0052\\u24C7\\uFF32\\u0154\\u1E58\\u0158\\u0210\\u0212\\u1E5A\\u1E5C\\u0156\\u1E5E\\u024C\\u2C64\\uA75A\\uA7A6\\uA782]","S":"[\\u0053\\u24C8\\uFF33\\u1E9E\\u015A\\u1E64\\u015C\\u1E60\\u0160\\u1E66\\u1E62\\u1E68\\u0218\\u015E\\u2C7E\\uA7A8\\uA784]","T":"[\\u0054\\u24C9\\uFF34\\u1E6A\\u0164\\u1E6C\\u021A\\u0162\\u1E70\\u1E6E\\u0166\\u01AC\\u01AE\\u023E\\uA786]","TZ":"[\\uA728]","U":"[\\u0055\\u24CA\\uFF35\\u00D9\\u00DA\\u00DB\\u0168\\u1E78\\u016A\\u1E7A\\u016C\\u00DC\\u01DB\\u01D7\\u01D5\\u01D9\\u1EE6\\u016E\\u0170\\u01D3\\u0214\\u0216\\u01AF\\u1EEA\\u1EE8\\u1EEE\\u1EEC\\u1EF0\\u1EE4\\u1E72\\u0172\\u1E76\\u1E74\\u0244]","V":"[\\u0056\\u24CB\\uFF36\\u1E7C\\u1E7E\\u01B2\\uA75E\\u0245]","VY":"[\\uA760]","W":"[\\u0057\\u24CC\\uFF37\\u1E80\\u1E82\\u0174\\u1E86\\u1E84\\u1E88\\u2C72]","X":"[\\u0058\\u24CD\\uFF38\\u1E8A\\u1E8C]","Y":"[\\u0059\\u24CE\\uFF39\\u1EF2\\u00DD\\u0176\\u1EF8\\u0232\\u1E8E\\u0178\\u1EF6\\u1EF4\\u01B3\\u024E\\u1EFE]","Z":"[\\u005A\\u24CF\\uFF3A\\u0179\\u1E90\\u017B\\u017D\\u1E92\\u1E94\\u01B5\\u0224\\u2C7F\\u2C6B\\uA762]","a":"[\\u0061\\u24D0\\uFF41\\u1E9A\\u00E0\\u00E1\\u00E2\\u1EA7\\u1EA5\\u1EAB\\u1EA9\\u00E3\\u0101\\u0103\\u1EB1\\u1EAF\\u1EB5\\u1EB3\\u0227\\u01E1\\u00E4\\u01DF\\u1EA3\\u00E5\\u01FB\\u01CE\\u0201\\u0203\\u1EA1\\u1EAD\\u1EB7\\u1E01\\u0105\\u2C65\\u0250]","aa":"[\\uA733]","ae":"[\\u00E6\\u01FD\\u01E3]","ao":"[\\uA735]","au":"[\\uA737]","av":"[\\uA739\\uA73B]","ay":"[\\uA73D]","b":"[\\u0062\\u24D1\\uFF42\\u1E03\\u1E05\\u1E07\\u0180\\u0183\\u0253]","c":"[\\u0063\\u24D2\\uFF43\\u0107\\u0109\\u010B\\u010D\\u00E7\\u1E09\\u0188\\u023C\\uA73F\\u2184]","d":"[\\u0064\\u24D3\\uFF44\\u1E0B\\u010F\\u1E0D\\u1E11\\u1E13\\u1E0F\\u0111\\u018C\\u0256\\u0257\\uA77A]","dz":"[\\u01F3\\u01C6]","e":"[\\u0065\\u24D4\\uFF45\\u00E8\\u00E9\\u00EA\\u1EC1\\u1EBF\\u1EC5\\u1EC3\\u1EBD\\u0113\\u1E15\\u1E17\\u0115\\u0117\\u00EB\\u1EBB\\u011B\\u0205\\u0207\\u1EB9\\u1EC7\\u0229\\u1E1D\\u0119\\u1E19\\u1E1B\\u0247\\u025B\\u01DD]","f":"[\\u0066\\u24D5\\uFF46\\u1E1F\\u0192\\uA77C]","g":"[\\u0067\\u24D6\\uFF47\\u01F5\\u011D\\u1E21\\u011F\\u0121\\u01E7\\u0123\\u01E5\\u0260\\uA7A1\\u1D79\\uA77F]","h":"[\\u0068\\u24D7\\uFF48\\u0125\\u1E23\\u1E27\\u021F\\u1E25\\u1E29\\u1E2B\\u1E96\\u0127\\u2C68\\u2C76\\u0265]","hv":"[\\u0195]","i":"[\\u0069\\u24D8\\uFF49\\u00EC\\u00ED\\u00EE\\u0129\\u012B\\u012D\\u00EF\\u1E2F\\u1EC9\\u01D0\\u0209\\u020B\\u1ECB\\u012F\\u1E2D\\u0268\\u0131]","j":"[\\u006A\\u24D9\\uFF4A\\u0135\\u01F0\\u0249]","k":"[\\u006B\\u24DA\\uFF4B\\u1E31\\u01E9\\u1E33\\u0137\\u1E35\\u0199\\u2C6A\\uA741\\uA743\\uA745\\uA7A3]","l":"[\\u006C\\u24DB\\uFF4C\\u0140\\u013A\\u013E\\u1E37\\u1E39\\u013C\\u1E3D\\u1E3B\\u017F\\u0142\\u019A\\u026B\\u2C61\\uA749\\uA781\\uA747]","lj":"[\\u01C9]","m":"[\\u006D\\u24DC\\uFF4D\\u1E3F\\u1E41\\u1E43\\u0271\\u026F]","n":"[\\u006E\\u24DD\\uFF4E\\u01F9\\u0144\\u00F1\\u1E45\\u0148\\u1E47\\u0146\\u1E4B\\u1E49\\u019E\\u0272\\u0149\\uA791\\uA7A5]","nj":"[\\u01CC]","o":"[\\u006F\\u24DE\\uFF4F\\u00F2\\u00F3\\u00F4\\u1ED3\\u1ED1\\u1ED7\\u1ED5\\u00F5\\u1E4D\\u022D\\u1E4F\\u014D\\u1E51\\u1E53\\u014F\\u022F\\u0231\\u00F6\\u022B\\u1ECF\\u0151\\u01D2\\u020D\\u020F\\u01A1\\u1EDD\\u1EDB\\u1EE1\\u1EDF\\u1EE3\\u1ECD\\u1ED9\\u01EB\\u01ED\\u00F8\\u01FF\\u0254\\uA74B\\uA74D\\u0275]","oi":"[\\u01A3]","ou":"[\\u0223]","oo":"[\\uA74F]","p":"[\\u0070\\u24DF\\uFF50\\u1E55\\u1E57\\u01A5\\u1D7D\\uA751\\uA753\\uA755]","q":"[\\u0071\\u24E0\\uFF51\\u024B\\uA757\\uA759]","r":"[\\u0072\\u24E1\\uFF52\\u0155\\u1E59\\u0159\\u0211\\u0213\\u1E5B\\u1E5D\\u0157\\u1E5F\\u024D\\u027D\\uA75B\\uA7A7\\uA783]","s":"[\\u0073\\u24E2\\uFF53\\u015B\\u1E65\\u015D\\u1E61\\u0161\\u1E67\\u1E63\\u1E69\\u0219\\u015F\\u023F\\uA7A9\\uA785\\u1E9B]","ss":"[\\u00DF]","t":"[\\u0074\\u24E3\\uFF54\\u1E6B\\u1E97\\u0165\\u1E6D\\u021B\\u0163\\u1E71\\u1E6F\\u0167\\u01AD\\u0288\\u2C66\\uA787]","tz":"[\\uA729]","u":"[\\u0075\\u24E4\\uFF55\\u00F9\\u00FA\\u00FB\\u0169\\u1E79\\u016B\\u1E7B\\u016D\\u00FC\\u01DC\\u01D8\\u01D6\\u01DA\\u1EE7\\u016F\\u0171\\u01D4\\u0215\\u0217\\u01B0\\u1EEB\\u1EE9\\u1EEF\\u1EED\\u1EF1\\u1EE5\\u1E73\\u0173\\u1E77\\u1E75\\u0289]","v":"[\\u0076\\u24E5\\uFF56\\u1E7D\\u1E7F\\u028B\\uA75F\\u028C]","vy":"[\\uA761]","w":"[\\u0077\\u24E6\\uFF57\\u1E81\\u1E83\\u0175\\u1E87\\u1E85\\u1E98\\u1E89\\u2C73]","x":"[\\u0078\\u24E7\\uFF58\\u1E8B\\u1E8D]","y":"[\\u0079\\u24E8\\uFF59\\u1EF3\\u00FD\\u0177\\u1EF9\\u0233\\u1E8F\\u00FF\\u1EF7\\u1E99\\u1EF5\\u01B4\\u024F\\u1EFF]","z":"[\\u007A\\u24E9\\uFF5A\\u017A\\u1E91\\u017C\\u017E\\u1E93\\u1E95\\u01B6\\u0225\\u0240\\u2C6C\\uA763]"},"researchesTests":["contentHasTOC","contentHasShortParagraphs","contentHasAssets","keywordInTitle","keywordInMetaDescription","keywordInPermalink","keywordIn10Percent","keywordInContent","keywordInSubheadings","keywordInImageAlt","keywordDensity","keywordNotUsed","lengthContent","lengthPermalink","linksHasInternal","linksHasExternals","linksNotAllExternals","titleStartWithKeyword","titleSentiment","titleHasPowerWords","titleHasNumber","hasContentAI"],"hasRedirection":true,"hasBreadcrumb":false},"homeUrl":"https:\/\/boattoursibiza.com\/ca\/","objectID":5087,"objectType":"post","locale":"ca","localeFull":"ca","overlayImages":{"play":{"name":"Play icon","url":"https:\/\/boattoursibiza.com\/wp-content\/plugins\/seo-by-rank-math\/assets\/admin\/img\/icon-play.png","path":"\/srv\/vhost\/boattoursibiza.com\/home\/html\/wp-content\/plugins\/seo-by-rank-math\/assets\/admin\/img\/icon-play.png","position":"middle_center"},"gif":{"name":"GIF icon","url":"https:\/\/boattoursibiza.com\/wp-content\/plugins\/seo-by-rank-math\/assets\/admin\/img\/icon-gif.png","path":"\/srv\/vhost\/boattoursibiza.com\/home\/html\/wp-content\/plugins\/seo-by-rank-math\/assets\/admin\/img\/icon-gif.png","position":"middle_center"}},"defautOgImage":"https:\/\/boattoursibiza.com\/wp-content\/plugins\/seo-by-rank-math\/assets\/admin\/img\/social-placeholder.jpg","customPermalinks":true,"isUserRegistered":true,"autoSuggestKeywords":true,"connectSiteUrl":"https:\/\/rankmath.com\/auth?site=https%3A%2F%2Fboattoursibiza.com%2Fca%2F&r=https%3A%2F%2Fboattoursibiza.com%2Fca%2Fwp-json%2Fwp%2Fv2%2Fpages%2F5087%3Fnonce%3Ddcd6160191&pro=1","maxTags":100,"trendsIcon":"<svg viewBox=\"0 0 610 610\"><path d=\"M18.85,446,174.32,290.48l58.08,58.08L76.93,504a14.54,14.54,0,0,1-20.55,0L18.83,466.48a14.54,14.54,0,0,1,0-20.55Z\" style=\"fill:#4285f4\"\/><path d=\"M242.65,242.66,377.59,377.6l-47.75,47.75a14.54,14.54,0,0,1-20.55,0L174.37,290.43l47.75-47.75A14.52,14.52,0,0,1,242.65,242.66Z\" style=\"fill:#ea4335\"\/><polygon points=\"319.53 319.53 479.26 159.8 537.34 217.88 377.61 377.62 319.53 319.53\" style=\"fill:#fabb05\"\/><path d=\"M594.26,262.73V118.61h0a16.94,16.94,0,0,0-16.94-16.94H433.2a16.94,16.94,0,0,0-12,28.92L565.34,274.71h0a16.94,16.94,0,0,0,28.92-12Z\" style=\"fill:#34a853\"\/><rect width=\"610\" height=\"610\" style=\"fill:none\"\/><\/svg>","showScore":true,"siteFavIcon":"https:\/\/boattoursibiza.com\/wp-content\/uploads\/2021\/07\/cropped-favicon-32x32.jpg","canUser":{"general":false,"advanced":false,"snippet":false,"social":false,"analysis":false,"analytics":false,"content_ai":false},"showKeywordIntent":true,"isPro":true,"is_front_page":false,"trendsUpgradeLink":"https:\/\/rankmath.com\/pricing\/?utm_source=Plugin&utm_medium=CE%20General%20Tab%20Trends&utm_campaign=WP","trendsUpgradeLabel":"Upgrade","trendsPreviewImage":"https:\/\/boattoursibiza.com\/wp-content\/plugins\/seo-by-rank-math\/assets\/admin\/img\/trends-preview.jpg","currentEditor":false,"homepageData":{"assessor":{"powerWords":[],"diacritics":true,"researchesTests":["contentHasTOC","contentHasShortParagraphs","contentHasAssets","keywordInTitle","keywordInMetaDescription","keywordInPermalink","keywordIn10Percent","keywordInContent","keywordInSubheadings","keywordInImageAlt","keywordDensity","keywordNotUsed","lengthContent","lengthPermalink","linksHasInternal","linksHasExternals","linksNotAllExternals","titleStartWithKeyword","titleSentiment","titleHasPowerWords","titleHasNumber","hasContentAI"],"hasBreadcrumb":false,"serpData":{"title":"%sitename% %page% %sep% %sitedesc%","description":"","titleTemplate":"%sitename% %page% %sep% %sitedesc%","descriptionTemplate":"","focusKeywords":"","breadcrumbTitle":"Home","robots":{"index":true},"advancedRobots":[],"facebookTitle":"","facebookDescription":"","facebookImage":"","facebookImageID":""}}},"searchIntents":[],"isAnalyticsConnected":false,"tocTitle":"Table of Contents","tocExcludeHeadings":[],"listStyle":"ul"},"_links":{"self":[{"href":"https:\/\/boattoursibiza.com\/ca\/wp-json\/wp\/v2\/pages\/5087","targetHints":{"allow":["GET"]}}],"collection":[{"href":"https:\/\/boattoursibiza.com\/ca\/wp-json\/wp\/v2\/pages"}],"about":[{"href":"https:\/\/boattoursibiza.com\/ca\/wp-json\/wp\/v2\/types\/page"}],"author":[{"embeddable":true,"href":"https:\/\/boattoursibiza.com\/ca\/wp-json\/wp\/v2\/users\/1"}],"replies":[{"embeddable":true,"href":"https:\/\/boattoursibiza.com\/ca\/wp-json\/wp\/v2\/comments?post=5087"}],"version-history":[{"count":1,"href":"https:\/\/boattoursibiza.com\/ca\/wp-json\/wp\/v2\/pages\/5087\/revisions"}],"predecessor-version":[{"id":5088,"href":"https:\/\/boattoursibiza.com\/ca\/wp-json\/wp\/v2\/pages\/5087\/revisions\/5088"}],"wp:attachment":[{"href":"https:\/\/boattoursibiza.com\/ca\/wp-json\/wp\/v2\/media?parent=5087"}],"curies":[{"name":"wp","href":"https:\/\/api.w.org\/{rel}","templated":true}]}}